{"id":15,"date":"2025-10-10T16:12:57","date_gmt":"2025-10-10T16:12:57","guid":{"rendered":"https:\/\/bartxantxiku.rkinformatika.online\/?page_id=15"},"modified":"2025-12-16T12:20:17","modified_gmt":"2025-12-16T12:20:17","slug":"productos","status":"publish","type":"page","link":"https:\/\/bartxantxiku.com\/eu\/productos\/","title":{"rendered":"Produktuak"},"content":{"rendered":"<div data-elementor-type=\"wp-page\" data-elementor-id=\"15\" class=\"elementor elementor-15\" data-elementor-post-type=\"page\">\n\t\t\t\t<div class=\"elementor-element elementor-element-45c34cf e-flex e-con-boxed e-con e-parent\" data-id=\"45c34cf\" data-element_type=\"container\" data-e-type=\"container\" data-settings=\"{&quot;background_background&quot;:&quot;classic&quot;}\">\n\t\t\t\t\t<div class=\"e-con-inner\">\n\t\t\t\t<div class=\"elementor-element elementor-element-ec4b122 elementor-invisible elementor-widget elementor-widget-heading\" data-id=\"ec4b122\" data-element_type=\"widget\" data-e-type=\"widget\" data-settings=\"{&quot;_animation&quot;:&quot;fadeInLeft&quot;}\" data-widget_type=\"heading.default\">\n\t\t\t\t\t<h2 class=\"elementor-heading-title elementor-size-default\">Calidad y tradici\u00f3n en cada bocado.<\/h2>\t\t\t\t<\/div>\n\t\t\t\t<div class=\"elementor-element elementor-element-8ed9cc4 elementor-invisible elementor-widget elementor-widget-text-editor\" data-id=\"8ed9cc4\" data-element_type=\"widget\" data-e-type=\"widget\" data-settings=\"{&quot;_animation&quot;:&quot;fadeInUp&quot;}\" data-widget_type=\"text-editor.default\">\n\t\t\t\t\t\t\t\t\t<p>Productos frescos, recetas aut\u00e9nticas.<\/p>\t\t\t\t\t\t\t\t<\/div>\n\t\t\t\t\t<\/div>\n\t\t\t\t<\/div>\n\t\t<div class=\"elementor-element elementor-element-1e4de08 e-flex e-con-boxed e-con e-parent\" data-id=\"1e4de08\" data-element_type=\"container\" data-e-type=\"container\">\n\t\t\t\t\t<div class=\"e-con-inner\">\n\t\t<div class=\"elementor-element elementor-element-7207fc0 e-con-full e-flex e-con e-child\" data-id=\"7207fc0\" data-element_type=\"container\" data-e-type=\"container\">\n\t\t\t\t<div class=\"elementor-element elementor-element-60abd01 elementor-position-top elementor-widget elementor-widget-image-box\" data-id=\"60abd01\" data-element_type=\"widget\" data-e-type=\"widget\" data-widget_type=\"image-box.default\">\n\t\t\t\t\t<div class=\"elementor-image-box-wrapper\"><figure class=\"elementor-image-box-img\"><img decoding=\"async\" src=\"https:\/\/bartxantxiku.com\/wp-content\/uploads\/elementor\/thumbs\/35883-rg8n3f9q8zl2m465elnhw8smle05i2yjs8zlyy9nyg.jpg\" title=\"35883.jpg\" alt=\"35883.jpg\" loading=\"lazy\" \/><\/figure><div class=\"elementor-image-box-content\"><h3 class=\"elementor-image-box-title\">Pintxos<\/h3><p class=\"elementor-image-box-description\">Deliciosas peque\u00f1as porciones con ingredientes frescos, perfectas para acompa\u00f1ar cualquier bebida.<\/p><\/div><\/div>\t\t\t\t<\/div>\n\t\t\t\t<\/div>\n\t\t<div class=\"elementor-element elementor-element-bc7a035 e-con-full e-flex e-con e-child\" data-id=\"bc7a035\" data-element_type=\"container\" data-e-type=\"container\">\n\t\t\t\t<div class=\"elementor-element elementor-element-4ca0212 elementor-position-top elementor-widget elementor-widget-image-box\" data-id=\"4ca0212\" data-element_type=\"widget\" data-e-type=\"widget\" data-widget_type=\"image-box.default\">\n\t\t\t\t\t<div class=\"elementor-image-box-wrapper\"><figure class=\"elementor-image-box-img\"><img decoding=\"async\" src=\"https:\/\/bartxantxiku.com\/wp-content\/uploads\/elementor\/thumbs\/4132-rg8okz4pm6w62cdtp8zbg8b0yo1z1ak0tb0h9gv7go.jpg\" title=\"4132\" alt=\"4132\" loading=\"lazy\" \/><\/figure><div class=\"elementor-image-box-content\"><h3 class=\"elementor-image-box-title\">Caf\u00e9s<\/h3><p class=\"elementor-image-box-description\">Espresso, cappuccino, cortado\u2026 servidos siempre al momento para empezar tu d\u00eda con energ\u00eda.<\/p><\/div><\/div>\t\t\t\t<\/div>\n\t\t\t\t<\/div>\n\t\t<div class=\"elementor-element elementor-element-9c9ca4d e-con-full e-flex e-con e-child\" data-id=\"9c9ca4d\" data-element_type=\"container\" data-e-type=\"container\">\n\t\t\t\t<div class=\"elementor-element elementor-element-268fabe elementor-position-top elementor-widget elementor-widget-image-box\" data-id=\"268fabe\" data-element_type=\"widget\" data-e-type=\"widget\" data-widget_type=\"image-box.default\">\n\t\t\t\t\t<div class=\"elementor-image-box-wrapper\"><figure class=\"elementor-image-box-img\"><img decoding=\"async\" src=\"https:\/\/bartxantxiku.com\/wp-content\/uploads\/elementor\/thumbs\/32687-rg8olw129e57cp21d579di05r5jtip6mltuh25ifew.jpg\" title=\"32687\" alt=\"32687\" loading=\"lazy\" \/><\/figure><div class=\"elementor-image-box-content\"><h3 class=\"elementor-image-box-title\">Cervezas<\/h3><p class=\"elementor-image-box-description\">Desde cervezas locales hasta las marcas m\u00e1s populares, siempre bien fr\u00edas.<\/p><\/div><\/div>\t\t\t\t<\/div>\n\t\t\t\t<\/div>\n\t\t\t\t\t<\/div>\n\t\t\t\t<\/div>\n\t\t<div class=\"elementor-element elementor-element-d3a3b85 e-con-full e-flex e-con e-parent\" data-id=\"d3a3b85\" data-element_type=\"container\" data-e-type=\"container\">\n\t\t\t\t<div class=\"elementor-element elementor-element-e557ef6 elementor-cta--skin-cover elementor-animated-content elementor-bg-transform elementor-bg-transform-zoom-in elementor-widget elementor-widget-call-to-action\" data-id=\"e557ef6\" data-element_type=\"widget\" data-e-type=\"widget\" data-widget_type=\"call-to-action.default\">\n\t\t\t\t\t\t\t<div class=\"elementor-cta\">\n\t\t\t\t\t<div class=\"elementor-cta__bg-wrapper\">\n\t\t\t\t<div class=\"elementor-cta__bg elementor-bg\" style=\"background-image: url(https:\/\/bartxantxiku.com\/wp-content\/uploads\/2025\/12\/2148837084-1024x683.jpg);\" role=\"img\" aria-label=\"2148837084\"><\/div>\n\t\t\t\t<div class=\"elementor-cta__bg-overlay\"><\/div>\n\t\t\t<\/div>\n\t\t\t\t\t\t\t<div class=\"elementor-cta__content\">\n\t\t\t\t\n\t\t\t\t\t\t\t\t\t<h2 class=\"elementor-cta__title elementor-cta__content-item elementor-content-item elementor-animated-item--grow\">\n\t\t\t\t\t\tEstamos cerca, \u00a1habla con nosotros!\t\t\t\t\t<\/h2>\n\t\t\t\t\n\t\t\t\t\t\t\t\t\t<div class=\"elementor-cta__description elementor-cta__content-item elementor-content-item elementor-animated-item--grow\">\n\t\t\t\t\t\tCuidamos cada detalle.\t\t\t\t\t<\/div>\n\t\t\t\t\n\t\t\t\t\t\t\t\t\t<div class=\"elementor-cta__button-wrapper elementor-cta__content-item elementor-content-item elementor-animated-item--grow\">\n\t\t\t\t\t<a class=\"elementor-cta__button elementor-button elementor-size-\" href=\"https:\/\/bartxantxiku.com\/eu\/contacto\/\">\n\t\t\t\t\t\tKontaktua\t\t\t\t\t<\/a>\n\t\t\t\t\t<\/div>\n\t\t\t\t\t\t\t<\/div>\n\t\t\t\t\t\t<\/div>\n\t\t\t\t\t\t<\/div>\n\t\t\t\t<\/div>\n\t\t\t\t<\/div>","protected":false},"excerpt":{"rendered":"<p>Calidad y tradici\u00f3n en cada bocado. Productos frescos, recetas aut\u00e9nticas. Pintxos Deliciosas peque\u00f1as porciones con ingredientes frescos, perfectas para acompa\u00f1ar cualquier bebida. Caf\u00e9s Espresso, cappuccino, cortado\u2026 servidos siempre al momento para empezar tu d\u00eda con energ\u00eda. Cervezas Desde cervezas locales hasta las marcas m\u00e1s populares, siempre bien fr\u00edas. Estamos cerca, \u00a1habla con nosotros! Cuidamos cada [&hellip;]<\/p>\n","protected":false},"author":1,"featured_media":0,"parent":0,"menu_order":0,"comment_status":"closed","ping_status":"closed","template":"elementor_canvas","meta":{"footnotes":""},"class_list":["post-15","page","type-page","status-publish","hentry"],"yoast_head":"<!-- This site is optimized with the Yoast SEO plugin v27.5 - https:\/\/yoast.com\/product\/yoast-seo-wordpress\/ -->\n<title>Productos - Bar Txantxiku<\/title>\n<meta name=\"robots\" content=\"index, follow, max-snippet:-1, max-image-preview:large, max-video-preview:-1\" \/>\n<link rel=\"canonical\" href=\"https:\/\/bartxantxiku.com\/eu\/productos\/\" \/>\n<meta property=\"og:locale\" content=\"en_US\" \/>\n<meta property=\"og:type\" content=\"article\" \/>\n<meta property=\"og:title\" content=\"Productos - Bar Txantxiku\" \/>\n<meta property=\"og:description\" content=\"Calidad y tradici\u00f3n en cada bocado. Productos frescos, recetas aut\u00e9nticas. Pintxos Deliciosas peque\u00f1as porciones con ingredientes frescos, perfectas para acompa\u00f1ar cualquier bebida. Caf\u00e9s Espresso, cappuccino, cortado\u2026 servidos siempre al momento para empezar tu d\u00eda con energ\u00eda. Cervezas Desde cervezas locales hasta las marcas m\u00e1s populares, siempre bien fr\u00edas. Estamos cerca, \u00a1habla con nosotros! Cuidamos cada [&hellip;]\" \/>\n<meta property=\"og:url\" content=\"https:\/\/bartxantxiku.com\/eu\/productos\/\" \/>\n<meta property=\"og:site_name\" content=\"Bar Txantxiku\" \/>\n<meta property=\"article:modified_time\" content=\"2025-12-16T12:20:17+00:00\" \/>\n<meta property=\"og:image\" content=\"https:\/\/bartxantxiku.com\/wp-content\/uploads\/elementor\/thumbs\/35883-rg8n3f9q8zl2m465elnhw8smle05i2yjs8zlyy9nyg.jpg\" \/>\n<meta name=\"twitter:card\" content=\"summary_large_image\" \/>\n<meta name=\"twitter:label1\" content=\"Est. reading time\" \/>\n\t<meta name=\"twitter:data1\" content=\"1 minutua\" \/>\n<script type=\"application\/ld+json\" class=\"yoast-schema-graph\">{\"@context\":\"https:\\\/\\\/schema.org\",\"@graph\":[{\"@type\":\"WebPage\",\"@id\":\"https:\\\/\\\/bartxantxiku.com\\\/productos\\\/\",\"url\":\"https:\\\/\\\/bartxantxiku.com\\\/productos\\\/\",\"name\":\"Productos - Bar Txantxiku\",\"isPartOf\":{\"@id\":\"https:\\\/\\\/bartxantxiku.com\\\/#website\"},\"primaryImageOfPage\":{\"@id\":\"https:\\\/\\\/bartxantxiku.com\\\/productos\\\/#primaryimage\"},\"image\":{\"@id\":\"https:\\\/\\\/bartxantxiku.com\\\/productos\\\/#primaryimage\"},\"thumbnailUrl\":\"https:\\\/\\\/bartxantxiku.com\\\/wp-content\\\/uploads\\\/elementor\\\/thumbs\\\/35883-rg8n3f9q8zl2m465elnhw8smle05i2yjs8zlyy9nyg.jpg\",\"datePublished\":\"2025-10-10T16:12:57+00:00\",\"dateModified\":\"2025-12-16T12:20:17+00:00\",\"breadcrumb\":{\"@id\":\"https:\\\/\\\/bartxantxiku.com\\\/productos\\\/#breadcrumb\"},\"inLanguage\":\"eu\",\"potentialAction\":[{\"@type\":\"ReadAction\",\"target\":[\"https:\\\/\\\/bartxantxiku.com\\\/productos\\\/\"]}]},{\"@type\":\"ImageObject\",\"inLanguage\":\"eu\",\"@id\":\"https:\\\/\\\/bartxantxiku.com\\\/productos\\\/#primaryimage\",\"url\":\"https:\\\/\\\/bartxantxiku.com\\\/wp-content\\\/uploads\\\/elementor\\\/thumbs\\\/35883-rg8n3f9q8zl2m465elnhw8smle05i2yjs8zlyy9nyg.jpg\",\"contentUrl\":\"https:\\\/\\\/bartxantxiku.com\\\/wp-content\\\/uploads\\\/elementor\\\/thumbs\\\/35883-rg8n3f9q8zl2m465elnhw8smle05i2yjs8zlyy9nyg.jpg\"},{\"@type\":\"BreadcrumbList\",\"@id\":\"https:\\\/\\\/bartxantxiku.com\\\/productos\\\/#breadcrumb\",\"itemListElement\":[{\"@type\":\"ListItem\",\"position\":1,\"name\":\"Portada\",\"item\":\"https:\\\/\\\/bartxantxiku.com\\\/\"},{\"@type\":\"ListItem\",\"position\":2,\"name\":\"Productos\"}]},{\"@type\":\"WebSite\",\"@id\":\"https:\\\/\\\/bartxantxiku.com\\\/#website\",\"url\":\"https:\\\/\\\/bartxantxiku.com\\\/\",\"name\":\"Bar Txantxiku\",\"description\":\"Bar\",\"publisher\":{\"@id\":\"https:\\\/\\\/bartxantxiku.com\\\/#organization\"},\"potentialAction\":[{\"@type\":\"SearchAction\",\"target\":{\"@type\":\"EntryPoint\",\"urlTemplate\":\"https:\\\/\\\/bartxantxiku.com\\\/?s={search_term_string}\"},\"query-input\":{\"@type\":\"PropertyValueSpecification\",\"valueRequired\":true,\"valueName\":\"search_term_string\"}}],\"inLanguage\":\"eu\"},{\"@type\":\"Organization\",\"@id\":\"https:\\\/\\\/bartxantxiku.com\\\/#organization\",\"name\":\"Bar Txantxiku\",\"url\":\"https:\\\/\\\/bartxantxiku.com\\\/\",\"logo\":{\"@type\":\"ImageObject\",\"inLanguage\":\"eu\",\"@id\":\"https:\\\/\\\/bartxantxiku.com\\\/#\\\/schema\\\/logo\\\/image\\\/\",\"url\":\"https:\\\/\\\/bartxantxiku.com\\\/wp-content\\\/uploads\\\/2025\\\/10\\\/cropped-Txantxiku-Bar_logo-RK-Desarrollo-web-y-Redes-sociales.png\",\"contentUrl\":\"https:\\\/\\\/bartxantxiku.com\\\/wp-content\\\/uploads\\\/2025\\\/10\\\/cropped-Txantxiku-Bar_logo-RK-Desarrollo-web-y-Redes-sociales.png\",\"width\":994,\"height\":384,\"caption\":\"Bar Txantxiku\"},\"image\":{\"@id\":\"https:\\\/\\\/bartxantxiku.com\\\/#\\\/schema\\\/logo\\\/image\\\/\"}}]}<\/script>\n<!-- \/ Yoast SEO plugin. -->","yoast_head_json":{"title":"Productos - Bar Txantxiku","robots":{"index":"index","follow":"follow","max-snippet":"max-snippet:-1","max-image-preview":"max-image-preview:large","max-video-preview":"max-video-preview:-1"},"canonical":"https:\/\/bartxantxiku.com\/eu\/productos\/","og_locale":"en_US","og_type":"article","og_title":"Productos - Bar Txantxiku","og_description":"Calidad y tradici\u00f3n en cada bocado. Productos frescos, recetas aut\u00e9nticas. Pintxos Deliciosas peque\u00f1as porciones con ingredientes frescos, perfectas para acompa\u00f1ar cualquier bebida. Caf\u00e9s Espresso, cappuccino, cortado\u2026 servidos siempre al momento para empezar tu d\u00eda con energ\u00eda. Cervezas Desde cervezas locales hasta las marcas m\u00e1s populares, siempre bien fr\u00edas. Estamos cerca, \u00a1habla con nosotros! Cuidamos cada [&hellip;]","og_url":"https:\/\/bartxantxiku.com\/eu\/productos\/","og_site_name":"Bar Txantxiku","article_modified_time":"2025-12-16T12:20:17+00:00","og_image":[{"url":"https:\/\/bartxantxiku.com\/wp-content\/uploads\/elementor\/thumbs\/35883-rg8n3f9q8zl2m465elnhw8smle05i2yjs8zlyy9nyg.jpg","type":"","width":"","height":""}],"twitter_card":"summary_large_image","twitter_misc":{"Est. reading time":"1 minutua"},"schema":{"@context":"https:\/\/schema.org","@graph":[{"@type":"WebPage","@id":"https:\/\/bartxantxiku.com\/productos\/","url":"https:\/\/bartxantxiku.com\/productos\/","name":"Productos - Bar Txantxiku","isPartOf":{"@id":"https:\/\/bartxantxiku.com\/#website"},"primaryImageOfPage":{"@id":"https:\/\/bartxantxiku.com\/productos\/#primaryimage"},"image":{"@id":"https:\/\/bartxantxiku.com\/productos\/#primaryimage"},"thumbnailUrl":"https:\/\/bartxantxiku.com\/wp-content\/uploads\/elementor\/thumbs\/35883-rg8n3f9q8zl2m465elnhw8smle05i2yjs8zlyy9nyg.jpg","datePublished":"2025-10-10T16:12:57+00:00","dateModified":"2025-12-16T12:20:17+00:00","breadcrumb":{"@id":"https:\/\/bartxantxiku.com\/productos\/#breadcrumb"},"inLanguage":"eu","potentialAction":[{"@type":"ReadAction","target":["https:\/\/bartxantxiku.com\/productos\/"]}]},{"@type":"ImageObject","inLanguage":"eu","@id":"https:\/\/bartxantxiku.com\/productos\/#primaryimage","url":"https:\/\/bartxantxiku.com\/wp-content\/uploads\/elementor\/thumbs\/35883-rg8n3f9q8zl2m465elnhw8smle05i2yjs8zlyy9nyg.jpg","contentUrl":"https:\/\/bartxantxiku.com\/wp-content\/uploads\/elementor\/thumbs\/35883-rg8n3f9q8zl2m465elnhw8smle05i2yjs8zlyy9nyg.jpg"},{"@type":"BreadcrumbList","@id":"https:\/\/bartxantxiku.com\/productos\/#breadcrumb","itemListElement":[{"@type":"ListItem","position":1,"name":"Portada","item":"https:\/\/bartxantxiku.com\/"},{"@type":"ListItem","position":2,"name":"Productos"}]},{"@type":"WebSite","@id":"https:\/\/bartxantxiku.com\/#website","url":"https:\/\/bartxantxiku.com\/","name":"Bar Txantxiku","description":"Bar","publisher":{"@id":"https:\/\/bartxantxiku.com\/#organization"},"potentialAction":[{"@type":"SearchAction","target":{"@type":"EntryPoint","urlTemplate":"https:\/\/bartxantxiku.com\/?s={search_term_string}"},"query-input":{"@type":"PropertyValueSpecification","valueRequired":true,"valueName":"search_term_string"}}],"inLanguage":"eu"},{"@type":"Organization","@id":"https:\/\/bartxantxiku.com\/#organization","name":"Bar Txantxiku","url":"https:\/\/bartxantxiku.com\/","logo":{"@type":"ImageObject","inLanguage":"eu","@id":"https:\/\/bartxantxiku.com\/#\/schema\/logo\/image\/","url":"https:\/\/bartxantxiku.com\/wp-content\/uploads\/2025\/10\/cropped-Txantxiku-Bar_logo-RK-Desarrollo-web-y-Redes-sociales.png","contentUrl":"https:\/\/bartxantxiku.com\/wp-content\/uploads\/2025\/10\/cropped-Txantxiku-Bar_logo-RK-Desarrollo-web-y-Redes-sociales.png","width":994,"height":384,"caption":"Bar Txantxiku"},"image":{"@id":"https:\/\/bartxantxiku.com\/#\/schema\/logo\/image\/"}}]}},"_links":{"self":[{"href":"https:\/\/bartxantxiku.com\/eu\/wp-json\/wp\/v2\/pages\/15","targetHints":{"allow":["GET"]}}],"collection":[{"href":"https:\/\/bartxantxiku.com\/eu\/wp-json\/wp\/v2\/pages"}],"about":[{"href":"https:\/\/bartxantxiku.com\/eu\/wp-json\/wp\/v2\/types\/page"}],"author":[{"embeddable":true,"href":"https:\/\/bartxantxiku.com\/eu\/wp-json\/wp\/v2\/users\/1"}],"replies":[{"embeddable":true,"href":"https:\/\/bartxantxiku.com\/eu\/wp-json\/wp\/v2\/comments?post=15"}],"version-history":[{"count":28,"href":"https:\/\/bartxantxiku.com\/eu\/wp-json\/wp\/v2\/pages\/15\/revisions"}],"predecessor-version":[{"id":202,"href":"https:\/\/bartxantxiku.com\/eu\/wp-json\/wp\/v2\/pages\/15\/revisions\/202"}],"wp:attachment":[{"href":"https:\/\/bartxantxiku.com\/eu\/wp-json\/wp\/v2\/media?parent=15"}],"curies":[{"name":"wp","href":"https:\/\/api.w.org\/{rel}","templated":true}]}}