{"id":10,"date":"2025-10-10T16:06:59","date_gmt":"2025-10-10T16:06:59","guid":{"rendered":"https:\/\/bartxantxiku.rkinformatika.online\/?page_id=10"},"modified":"2025-12-16T12:33:17","modified_gmt":"2025-12-16T12:33:17","slug":"inicio","status":"publish","type":"page","link":"https:\/\/bartxantxiku.com\/eu\/","title":{"rendered":"Hasiera"},"content":{"rendered":"<div data-elementor-type=\"wp-page\" data-elementor-id=\"10\" class=\"elementor elementor-10\" data-elementor-post-type=\"page\">\n\t\t\t\t<div class=\"elementor-element elementor-element-8be4b83 e-flex e-con-boxed e-con e-parent\" data-id=\"8be4b83\" data-element_type=\"container\" data-e-type=\"container\" data-settings=\"{&quot;background_background&quot;:&quot;classic&quot;}\">\n\t\t\t\t\t<div class=\"e-con-inner\">\n\t\t\t\t<div class=\"elementor-element elementor-element-ba53340 elementor-invisible elementor-widget elementor-widget-heading\" data-id=\"ba53340\" data-element_type=\"widget\" data-e-type=\"widget\" data-settings=\"{&quot;_animation&quot;:&quot;fadeInLeft&quot;}\" data-widget_type=\"heading.default\">\n\t\t\t\t\t<h2 class=\"elementor-heading-title elementor-size-default\">Zure txokoa San Kristobalen.<\/h2>\t\t\t\t<\/div>\n\t\t\t\t<div class=\"elementor-element elementor-element-8a83877 elementor-invisible elementor-widget elementor-widget-text-editor\" data-id=\"8a83877\" data-element_type=\"widget\" data-e-type=\"widget\" data-settings=\"{&quot;_animation&quot;:&quot;fadeInUp&quot;}\" data-widget_type=\"text-editor.default\">\n\t\t\t\t\t\t\t\t\t<p>Zaporea eta giro ona.<\/p>\t\t\t\t\t\t\t\t<\/div>\n\t\t\t\t\t<\/div>\n\t\t\t\t<\/div>\n\t\t<div class=\"elementor-element elementor-element-c1b7773 e-flex e-con-boxed e-con e-parent\" data-id=\"c1b7773\" data-element_type=\"container\" data-e-type=\"container\">\n\t\t\t\t\t<div class=\"e-con-inner\">\n\t\t<div class=\"elementor-element elementor-element-0f24cc4 e-con-full e-flex e-con e-child\" data-id=\"0f24cc4\" data-element_type=\"container\" data-e-type=\"container\">\n\t\t\t\t<div class=\"elementor-element elementor-element-f4c9ac7 elementor-widget elementor-widget-heading\" data-id=\"f4c9ac7\" data-element_type=\"widget\" data-e-type=\"widget\" data-widget_type=\"heading.default\">\n\t\t\t\t\t<h2 class=\"elementor-heading-title elementor-size-default\">Guri buruz<\/h2>\t\t\t\t<\/div>\n\t\t\t\t<div class=\"elementor-element elementor-element-7372b31 elementor-widget elementor-widget-text-editor\" data-id=\"7372b31\" data-element_type=\"widget\" data-e-type=\"widget\" data-widget_type=\"text-editor.default\">\n\t\t\t\t\t\t\t\t\t<p data-start=\"175\" data-end=\"427\">Ongi etorri Txantxiku tabernara, Bizkaiko San Kristobalen duzun erreferentziazko txokora. Duela ia 5 urtetik hona, gertuko eta kalitatezko zerbitzua eskaintzen dugu, lagunak, familiak eta bizilagunak etxean bezala sentitzeko espazio bat sortuz.<\/p><p data-start=\"429\" data-end=\"687\">Txantxiku tabernan tradizioa eta giro ona uztartzen ditugu, eta bisita bakoitza esperientzia atsegin bihurtzen da. Gure produktuez eta gure taldearen tratu adeitsuaz gozatzea da gure helburua, betiere irribarre batekin eta kafe egin berri batekin.<\/p>\t\t\t\t\t\t\t\t<\/div>\n\t\t\t\t<\/div>\n\t\t<div class=\"elementor-element elementor-element-295afd5 e-con-full e-flex e-con e-child\" data-id=\"295afd5\" data-element_type=\"container\" data-e-type=\"container\">\n\t\t\t\t<div class=\"elementor-element elementor-element-fba6674 elementor-widget elementor-widget-image\" data-id=\"fba6674\" data-element_type=\"widget\" data-e-type=\"widget\" data-widget_type=\"image.default\">\n\t\t\t\t\t\t\t\t\t\t\t\t\t\t\t<img fetchpriority=\"high\" decoding=\"async\" width=\"800\" height=\"534\" src=\"https:\/\/bartxantxiku.com\/wp-content\/uploads\/2025\/12\/21819-1024x683.jpg\" class=\"attachment-large size-large wp-image-181\" alt=\"\" srcset=\"https:\/\/bartxantxiku.com\/wp-content\/uploads\/2025\/12\/21819-1024x683.jpg 1024w, https:\/\/bartxantxiku.com\/wp-content\/uploads\/2025\/12\/21819-300x200.jpg 300w, https:\/\/bartxantxiku.com\/wp-content\/uploads\/2025\/12\/21819-768x512.jpg 768w, https:\/\/bartxantxiku.com\/wp-content\/uploads\/2025\/12\/21819-18x12.jpg 18w, https:\/\/bartxantxiku.com\/wp-content\/uploads\/2025\/12\/21819.jpg 1500w\" sizes=\"(max-width: 800px) 100vw, 800px\" \/>\t\t\t\t\t\t\t\t\t\t\t\t\t\t\t<\/div>\n\t\t\t\t<\/div>\n\t\t\t\t\t<\/div>\n\t\t\t\t<\/div>\n\t\t<div class=\"elementor-element elementor-element-ef4793f e-con-full e-flex e-con e-parent\" data-id=\"ef4793f\" data-element_type=\"container\" data-e-type=\"container\">\n\t\t\t\t<div class=\"elementor-element elementor-element-3dcacd3 elementor-cta--skin-cover elementor-animated-content elementor-bg-transform elementor-bg-transform-zoom-in elementor-widget elementor-widget-call-to-action\" data-id=\"3dcacd3\" data-element_type=\"widget\" data-e-type=\"widget\" data-widget_type=\"call-to-action.default\">\n\t\t\t\t\t\t\t<div class=\"elementor-cta\">\n\t\t\t\t\t<div class=\"elementor-cta__bg-wrapper\">\n\t\t\t\t<div class=\"elementor-cta__bg elementor-bg\" style=\"background-image: url(https:\/\/bartxantxiku.com\/wp-content\/uploads\/2025\/12\/2148837084-1024x683.jpg);\" role=\"img\" aria-label=\"2148837084\"><\/div>\n\t\t\t\t<div class=\"elementor-cta__bg-overlay\"><\/div>\n\t\t\t<\/div>\n\t\t\t\t\t\t\t<div class=\"elementor-cta__content\">\n\t\t\t\t\n\t\t\t\t\t\t\t\t\t<h2 class=\"elementor-cta__title elementor-cta__content-item elementor-content-item elementor-animated-item--grow\">\n\t\t\t\t\t\tZure zain gaude, gertuko eta familiako giroaz goza dezazun.\t\t\t\t\t<\/h2>\n\t\t\t\t\n\t\t\t\t\t\t\t\t\t<div class=\"elementor-cta__description elementor-cta__content-item elementor-content-item elementor-animated-item--grow\">\n\t\t\t\t\t\tOsagai freskoak, errezeta zainduak eta maitemintzen duen zaporea.\t\t\t\t\t<\/div>\n\t\t\t\t\n\t\t\t\t\t\t\t\t\t<div class=\"elementor-cta__button-wrapper elementor-cta__content-item elementor-content-item elementor-animated-item--grow\">\n\t\t\t\t\t<a class=\"elementor-cta__button elementor-button elementor-size-\" href=\"https:\/\/bartxantxiku.com\/eu\/productos\/\">\n\t\t\t\t\t\tProduktuak\t\t\t\t\t<\/a>\n\t\t\t\t\t<\/div>\n\t\t\t\t\t\t\t<\/div>\n\t\t\t\t\t\t<\/div>\n\t\t\t\t\t\t<\/div>\n\t\t\t\t<\/div>\n\t\t\t\t<\/div>","protected":false},"excerpt":{"rendered":"<p>Tu rinc\u00f3n en San Kristobal. Sabor y buen ambiente. Sobre nosotros Bienvenidos a Bar Txantxiku, tu rinc\u00f3n de referencia en San Kristobal, Bizkaia. Desde hace casi 5 a\u00f1os, nos dedicamos a ofrecer un servicio cercano y de calidad, creando un espacio donde amigos, familias y vecinos se sienten como en casa. En Bar Txantxiku combinamos [&hellip;]<\/p>\n","protected":false},"author":1,"featured_media":0,"parent":0,"menu_order":0,"comment_status":"closed","ping_status":"closed","template":"elementor_canvas","meta":{"footnotes":""},"class_list":["post-10","page","type-page","status-publish","hentry"],"yoast_head":"<!-- This site is optimized with the Yoast SEO plugin v27.5 - https:\/\/yoast.com\/product\/yoast-seo-wordpress\/ -->\n<title>Inicio - Bar Txantxiku<\/title>\n<meta name=\"robots\" content=\"index, follow, max-snippet:-1, max-image-preview:large, max-video-preview:-1\" \/>\n<link rel=\"canonical\" href=\"https:\/\/bartxantxiku.com\/eu\/\" \/>\n<meta property=\"og:locale\" content=\"en_US\" \/>\n<meta property=\"og:type\" content=\"article\" \/>\n<meta property=\"og:title\" content=\"Inicio - Bar Txantxiku\" \/>\n<meta property=\"og:description\" content=\"Tu rinc\u00f3n en San Kristobal. Sabor y buen ambiente. Sobre nosotros Bienvenidos a Bar Txantxiku, tu rinc\u00f3n de referencia en San Kristobal, Bizkaia. Desde hace casi 5 a\u00f1os, nos dedicamos a ofrecer un servicio cercano y de calidad, creando un espacio donde amigos, familias y vecinos se sienten como en casa. En Bar Txantxiku combinamos [&hellip;]\" \/>\n<meta property=\"og:url\" content=\"https:\/\/bartxantxiku.com\/eu\/\" \/>\n<meta property=\"og:site_name\" content=\"Bar Txantxiku\" \/>\n<meta property=\"article:modified_time\" content=\"2025-12-16T12:33:17+00:00\" \/>\n<meta property=\"og:image\" content=\"https:\/\/bartxantxiku.com\/wp-content\/uploads\/2025\/12\/21819-1024x683.jpg\" \/>\n<meta name=\"twitter:card\" content=\"summary_large_image\" \/>\n<meta name=\"twitter:label1\" content=\"Est. reading time\" \/>\n\t<meta name=\"twitter:data1\" content=\"1 minutua\" \/>\n<script type=\"application\/ld+json\" class=\"yoast-schema-graph\">{\"@context\":\"https:\\\/\\\/schema.org\",\"@graph\":[{\"@type\":\"WebPage\",\"@id\":\"https:\\\/\\\/bartxantxiku.com\\\/\",\"url\":\"https:\\\/\\\/bartxantxiku.com\\\/\",\"name\":\"Inicio - Bar Txantxiku\",\"isPartOf\":{\"@id\":\"https:\\\/\\\/bartxantxiku.com\\\/#website\"},\"primaryImageOfPage\":{\"@id\":\"https:\\\/\\\/bartxantxiku.com\\\/#primaryimage\"},\"image\":{\"@id\":\"https:\\\/\\\/bartxantxiku.com\\\/#primaryimage\"},\"thumbnailUrl\":\"https:\\\/\\\/bartxantxiku.com\\\/wp-content\\\/uploads\\\/2025\\\/12\\\/21819-1024x683.jpg\",\"datePublished\":\"2025-10-10T16:06:59+00:00\",\"dateModified\":\"2025-12-16T12:33:17+00:00\",\"breadcrumb\":{\"@id\":\"https:\\\/\\\/bartxantxiku.com\\\/#breadcrumb\"},\"inLanguage\":\"eu\",\"potentialAction\":[{\"@type\":\"ReadAction\",\"target\":[\"https:\\\/\\\/bartxantxiku.com\\\/\"]}]},{\"@type\":\"ImageObject\",\"inLanguage\":\"eu\",\"@id\":\"https:\\\/\\\/bartxantxiku.com\\\/#primaryimage\",\"url\":\"https:\\\/\\\/bartxantxiku.com\\\/wp-content\\\/uploads\\\/2025\\\/12\\\/21819-1024x683.jpg\",\"contentUrl\":\"https:\\\/\\\/bartxantxiku.com\\\/wp-content\\\/uploads\\\/2025\\\/12\\\/21819-1024x683.jpg\"},{\"@type\":\"BreadcrumbList\",\"@id\":\"https:\\\/\\\/bartxantxiku.com\\\/#breadcrumb\",\"itemListElement\":[{\"@type\":\"ListItem\",\"position\":1,\"name\":\"Portada\",\"item\":\"https:\\\/\\\/bartxantxiku.com\\\/\"},{\"@type\":\"ListItem\",\"position\":2,\"name\":\"Inicio\"}]},{\"@type\":\"WebSite\",\"@id\":\"https:\\\/\\\/bartxantxiku.com\\\/#website\",\"url\":\"https:\\\/\\\/bartxantxiku.com\\\/\",\"name\":\"Bar Txantxiku\",\"description\":\"Bar\",\"publisher\":{\"@id\":\"https:\\\/\\\/bartxantxiku.com\\\/#organization\"},\"potentialAction\":[{\"@type\":\"SearchAction\",\"target\":{\"@type\":\"EntryPoint\",\"urlTemplate\":\"https:\\\/\\\/bartxantxiku.com\\\/?s={search_term_string}\"},\"query-input\":{\"@type\":\"PropertyValueSpecification\",\"valueRequired\":true,\"valueName\":\"search_term_string\"}}],\"inLanguage\":\"eu\"},{\"@type\":\"Organization\",\"@id\":\"https:\\\/\\\/bartxantxiku.com\\\/#organization\",\"name\":\"Bar Txantxiku\",\"url\":\"https:\\\/\\\/bartxantxiku.com\\\/\",\"logo\":{\"@type\":\"ImageObject\",\"inLanguage\":\"eu\",\"@id\":\"https:\\\/\\\/bartxantxiku.com\\\/#\\\/schema\\\/logo\\\/image\\\/\",\"url\":\"https:\\\/\\\/bartxantxiku.com\\\/wp-content\\\/uploads\\\/2025\\\/10\\\/cropped-Txantxiku-Bar_logo-RK-Desarrollo-web-y-Redes-sociales.png\",\"contentUrl\":\"https:\\\/\\\/bartxantxiku.com\\\/wp-content\\\/uploads\\\/2025\\\/10\\\/cropped-Txantxiku-Bar_logo-RK-Desarrollo-web-y-Redes-sociales.png\",\"width\":994,\"height\":384,\"caption\":\"Bar Txantxiku\"},\"image\":{\"@id\":\"https:\\\/\\\/bartxantxiku.com\\\/#\\\/schema\\\/logo\\\/image\\\/\"}}]}<\/script>\n<!-- \/ Yoast SEO plugin. -->","yoast_head_json":{"title":"Inicio - Bar Txantxiku","robots":{"index":"index","follow":"follow","max-snippet":"max-snippet:-1","max-image-preview":"max-image-preview:large","max-video-preview":"max-video-preview:-1"},"canonical":"https:\/\/bartxantxiku.com\/eu\/","og_locale":"en_US","og_type":"article","og_title":"Inicio - Bar Txantxiku","og_description":"Tu rinc\u00f3n en San Kristobal. Sabor y buen ambiente. Sobre nosotros Bienvenidos a Bar Txantxiku, tu rinc\u00f3n de referencia en San Kristobal, Bizkaia. Desde hace casi 5 a\u00f1os, nos dedicamos a ofrecer un servicio cercano y de calidad, creando un espacio donde amigos, familias y vecinos se sienten como en casa. En Bar Txantxiku combinamos [&hellip;]","og_url":"https:\/\/bartxantxiku.com\/eu\/","og_site_name":"Bar Txantxiku","article_modified_time":"2025-12-16T12:33:17+00:00","og_image":[{"url":"https:\/\/bartxantxiku.com\/wp-content\/uploads\/2025\/12\/21819-1024x683.jpg","type":"","width":"","height":""}],"twitter_card":"summary_large_image","twitter_misc":{"Est. reading time":"1 minutua"},"schema":{"@context":"https:\/\/schema.org","@graph":[{"@type":"WebPage","@id":"https:\/\/bartxantxiku.com\/","url":"https:\/\/bartxantxiku.com\/","name":"Inicio - Bar Txantxiku","isPartOf":{"@id":"https:\/\/bartxantxiku.com\/#website"},"primaryImageOfPage":{"@id":"https:\/\/bartxantxiku.com\/#primaryimage"},"image":{"@id":"https:\/\/bartxantxiku.com\/#primaryimage"},"thumbnailUrl":"https:\/\/bartxantxiku.com\/wp-content\/uploads\/2025\/12\/21819-1024x683.jpg","datePublished":"2025-10-10T16:06:59+00:00","dateModified":"2025-12-16T12:33:17+00:00","breadcrumb":{"@id":"https:\/\/bartxantxiku.com\/#breadcrumb"},"inLanguage":"eu","potentialAction":[{"@type":"ReadAction","target":["https:\/\/bartxantxiku.com\/"]}]},{"@type":"ImageObject","inLanguage":"eu","@id":"https:\/\/bartxantxiku.com\/#primaryimage","url":"https:\/\/bartxantxiku.com\/wp-content\/uploads\/2025\/12\/21819-1024x683.jpg","contentUrl":"https:\/\/bartxantxiku.com\/wp-content\/uploads\/2025\/12\/21819-1024x683.jpg"},{"@type":"BreadcrumbList","@id":"https:\/\/bartxantxiku.com\/#breadcrumb","itemListElement":[{"@type":"ListItem","position":1,"name":"Portada","item":"https:\/\/bartxantxiku.com\/"},{"@type":"ListItem","position":2,"name":"Inicio"}]},{"@type":"WebSite","@id":"https:\/\/bartxantxiku.com\/#website","url":"https:\/\/bartxantxiku.com\/","name":"Bar Txantxiku","description":"Bar","publisher":{"@id":"https:\/\/bartxantxiku.com\/#organization"},"potentialAction":[{"@type":"SearchAction","target":{"@type":"EntryPoint","urlTemplate":"https:\/\/bartxantxiku.com\/?s={search_term_string}"},"query-input":{"@type":"PropertyValueSpecification","valueRequired":true,"valueName":"search_term_string"}}],"inLanguage":"eu"},{"@type":"Organization","@id":"https:\/\/bartxantxiku.com\/#organization","name":"Bar Txantxiku","url":"https:\/\/bartxantxiku.com\/","logo":{"@type":"ImageObject","inLanguage":"eu","@id":"https:\/\/bartxantxiku.com\/#\/schema\/logo\/image\/","url":"https:\/\/bartxantxiku.com\/wp-content\/uploads\/2025\/10\/cropped-Txantxiku-Bar_logo-RK-Desarrollo-web-y-Redes-sociales.png","contentUrl":"https:\/\/bartxantxiku.com\/wp-content\/uploads\/2025\/10\/cropped-Txantxiku-Bar_logo-RK-Desarrollo-web-y-Redes-sociales.png","width":994,"height":384,"caption":"Bar Txantxiku"},"image":{"@id":"https:\/\/bartxantxiku.com\/#\/schema\/logo\/image\/"}}]}},"_links":{"self":[{"href":"https:\/\/bartxantxiku.com\/eu\/wp-json\/wp\/v2\/pages\/10","targetHints":{"allow":["GET"]}}],"collection":[{"href":"https:\/\/bartxantxiku.com\/eu\/wp-json\/wp\/v2\/pages"}],"about":[{"href":"https:\/\/bartxantxiku.com\/eu\/wp-json\/wp\/v2\/types\/page"}],"author":[{"embeddable":true,"href":"https:\/\/bartxantxiku.com\/eu\/wp-json\/wp\/v2\/users\/1"}],"replies":[{"embeddable":true,"href":"https:\/\/bartxantxiku.com\/eu\/wp-json\/wp\/v2\/comments?post=10"}],"version-history":[{"count":52,"href":"https:\/\/bartxantxiku.com\/eu\/wp-json\/wp\/v2\/pages\/10\/revisions"}],"predecessor-version":[{"id":241,"href":"https:\/\/bartxantxiku.com\/eu\/wp-json\/wp\/v2\/pages\/10\/revisions\/241"}],"wp:attachment":[{"href":"https:\/\/bartxantxiku.com\/eu\/wp-json\/wp\/v2\/media?parent=10"}],"curies":[{"name":"wp","href":"https:\/\/api.w.org\/{rel}","templated":true}]}}